{"id":8,"date":"2012-12-02T15:00:03","date_gmt":"2012-12-02T13:00:03","guid":{"rendered":"http:\/\/praxis-utethomas.de\/?page_id=8"},"modified":"2012-12-17T12:59:57","modified_gmt":"2012-12-17T10:59:57","slug":"ausbildung","status":"publish","type":"page","link":"http:\/\/praxis-utethomas.de\/?page_id=8","title":{"rendered":"Qualifikationen"},"content":{"rendered":"<p><strong>2012 <\/strong>Erwerb des <a href=\"http:\/\/www.laekb.de\/10arzt\/40Fortbildung\/10fb_zertifikat\/23kriterien.html\" target=\"_blank\">Fortbildungszertifikat<\/a> der Landes\u00e4rztekammer Brandenburg<br \/>\n<strong>2010 <\/strong>Erwerb der Zusatzbezeichnung Spezielle Schmerztherapie<br \/>\n<strong>2009<\/strong> Erwerb der Fachkunde Notfalldiagnostik Radiologie<br \/>\n(einfache R\u00f6ntgendiagnostik im Rahmen der Erstversorgung Sch\u00e4del-, Stamm- und Extremit\u00e4tenskelett, Thorax, Abdomen (ohne CT))<br \/>\n<strong>2009 <\/strong>Erwerb der Fachkunde R\u00f6ntgendiagnostik Skelett bei Erwachsenen und Kindern<br \/>\n(Sch\u00e4del-, Stamm- und Extremit\u00e4tenskelett)<strong><br \/>\n2008 <\/strong>Erlangung der Facharztbezeichnung Allgemeinmedizin<strong><br \/>\n2007<\/strong> Erwerb der Zusatzbezeichnung Manuelle Medizin\/Chirotherapie<br \/>\n<strong>2007<\/strong>\u00a0Erwerb der Zusatzbezeichnung Akupunktur<br \/>\n<strong>2007 <\/strong>Erwerb des <a href=\"http:\/\/www.laekb.de\/10arzt\/40Fortbildung\/10fb_zertifikat\/23kriterien.html\" target=\"_blank\">Fortbildungszertifikat<\/a> der Landes\u00e4rztekammer Brandenburg<strong><br \/>\n2000 <\/strong>Erlangung der Facharztbezeichnung An\u00e4sthesiologie<strong><br \/>\n1998 <\/strong>Erwerb der Fachkunde Notarzt\/Arzt im Rettungsdienst<br \/>\n<strong>1995 <\/strong>Vollapprobation<br \/>\n<strong>1993 <\/strong>\u00c4rztliche Pr\u00fcfung\/ Staatsexamen, Teilapprobation AIP (Arzt im Praktikum)<\/p>\n","protected":false},"excerpt":{"rendered":"<p>2012 Erwerb des Fortbildungszertifikat der Landes\u00e4rztekammer Brandenburg 2010 Erwerb der Zusatzbezeichnung Spezielle Schmerztherapie 2009 Erwerb der Fachkunde Notfalldiagnostik Radiologie (einfache R\u00f6ntgendiagnostik im Rahmen der Erstversorgung Sch\u00e4del-, Stamm- und Extremit\u00e4tenskelett, Thorax, Abdomen (ohne CT)) 2009 Erwerb der Fachkunde R\u00f6ntgendiagnostik Skelett bei&#8230;<\/p>\n","protected":false},"author":2,"featured_media":0,"parent":0,"menu_order":0,"comment_status":"closed","ping_status":"closed","template":"","meta":[],"_links":{"self":[{"href":"http:\/\/praxis-utethomas.de\/index.php?rest_route=\/wp\/v2\/pages\/8"}],"collection":[{"href":"http:\/\/praxis-utethomas.de\/index.php?rest_route=\/wp\/v2\/pages"}],"about":[{"href":"http:\/\/praxis-utethomas.de\/index.php?rest_route=\/wp\/v2\/types\/page"}],"author":[{"embeddable":true,"href":"http:\/\/praxis-utethomas.de\/index.php?rest_route=\/wp\/v2\/users\/2"}],"replies":[{"embeddable":true,"href":"http:\/\/praxis-utethomas.de\/index.php?rest_route=%2Fwp%2Fv2%2Fcomments&post=8"}],"version-history":[{"count":34,"href":"http:\/\/praxis-utethomas.de\/index.php?rest_route=\/wp\/v2\/pages\/8\/revisions"}],"predecessor-version":[{"id":213,"href":"http:\/\/praxis-utethomas.de\/index.php?rest_route=\/wp\/v2\/pages\/8\/revisions\/213"}],"wp:attachment":[{"href":"http:\/\/praxis-utethomas.de\/index.php?rest_route=%2Fwp%2Fv2%2Fmedia&parent=8"}],"curies":[{"name":"wp","href":"https:\/\/api.w.org\/{rel}","templated":true}]}}