{"id":176,"date":"2012-12-16T15:25:37","date_gmt":"2012-12-16T13:25:37","guid":{"rendered":"http:\/\/praxis-utethomas.de\/?page_id=176"},"modified":"2013-09-18T08:57:01","modified_gmt":"2013-09-18T06:57:01","slug":"vita","status":"publish","type":"page","link":"http:\/\/praxis-utethomas.de\/?page_id=176","title":{"rendered":"Vita"},"content":{"rendered":"<p><img loading=\"lazy\" class=\"alignright size-medium wp-image-218\" alt=\"UteThomas, Fach\u00e4rztin f\u00fcr Allgemeinmedizin und An\u00e4sthesiologie, Schwerpunkt Manuelle Medizin\" src=\"http:\/\/praxis-utethomas.de\/wp-content\/uploads\/2012\/12\/UteThomas-213x300.jpg\" width=\"213\" height=\"300\" srcset=\"http:\/\/praxis-utethomas.de\/wp-content\/uploads\/2012\/12\/UteThomas-213x300.jpg 213w, http:\/\/praxis-utethomas.de\/wp-content\/uploads\/2012\/12\/UteThomas.jpg 480w\" sizes=\"(max-width: 213px) 100vw, 213px\" \/><\/p>\n","protected":false},"excerpt":{"rendered":"","protected":false},"author":2,"featured_media":0,"parent":0,"menu_order":0,"comment_status":"closed","ping_status":"closed","template":"","meta":[],"_links":{"self":[{"href":"http:\/\/praxis-utethomas.de\/index.php?rest_route=\/wp\/v2\/pages\/176"}],"collection":[{"href":"http:\/\/praxis-utethomas.de\/index.php?rest_route=\/wp\/v2\/pages"}],"about":[{"href":"http:\/\/praxis-utethomas.de\/index.php?rest_route=\/wp\/v2\/types\/page"}],"author":[{"embeddable":true,"href":"http:\/\/praxis-utethomas.de\/index.php?rest_route=\/wp\/v2\/users\/2"}],"replies":[{"embeddable":true,"href":"http:\/\/praxis-utethomas.de\/index.php?rest_route=%2Fwp%2Fv2%2Fcomments&post=176"}],"version-history":[{"count":4,"href":"http:\/\/praxis-utethomas.de\/index.php?rest_route=\/wp\/v2\/pages\/176\/revisions"}],"predecessor-version":[{"id":219,"href":"http:\/\/praxis-utethomas.de\/index.php?rest_route=\/wp\/v2\/pages\/176\/revisions\/219"}],"wp:attachment":[{"href":"http:\/\/praxis-utethomas.de\/index.php?rest_route=%2Fwp%2Fv2%2Fmedia&parent=176"}],"curies":[{"name":"wp","href":"https:\/\/api.w.org\/{rel}","templated":true}]}}