{"id":156,"date":"2012-12-11T11:16:05","date_gmt":"2012-12-11T09:16:05","guid":{"rendered":"http:\/\/praxis-utethomas.de\/?page_id=156"},"modified":"2012-12-17T12:53:03","modified_gmt":"2012-12-17T10:53:03","slug":"anfahrt","status":"publish","type":"page","link":"http:\/\/praxis-utethomas.de\/?page_id=156","title":{"rendered":"Anfahrt"},"content":{"rendered":"<p><iframe src=\"http:\/\/maps.google.de\/maps?q=Uhlandstra%C3%9Fe+53,+03050+Cottbus&amp;hl=de&amp;ie=UTF8&amp;sll=51.720488,14.346771&amp;sspn=0.028234,0.104628&amp;gl=de&amp;hnear=Uhlandstra%C3%9Fe+53,+Cottbus+03050+Cottbus,+Brandenburg&amp;t=m&amp;hq=&amp;source=embed&amp;ll=51.724529,14.318361&amp;spn=0.01595,0.044632&amp;z=14&amp;iwloc=A&amp;output=embed\" height=\"300\" width=\"520\" frameborder=\"1\" scrolling=\"no\" align=\"right\"><\/iframe>Von Norden kommend am Spreewalddreieck auf die <strong>A15<\/strong> Richtung Cottbus, Abfahrt <strong>Cottbus West <\/strong>benutzen<strong>, <\/strong>auf die Saarbr\u00fccker Str. Richtung Zentrum fahren, dann an der Gelsenkirchener Allee rechts und rechts in die Uhlandstrasse.<strong><br \/>\n<\/strong><\/p>\n<p>Von S\u00fcden her \u00fcber die <strong>A13<\/strong>, Abfahrt <strong>Ruhland<\/strong> benutzen und dann auf der <strong>B169<\/strong> in Richtung Cottbus fahren. In Cottbus nach \u00dcberquerung der Autobahn rechts auf die Gelsenkirchener Allee und dann rechts in die Uhlandstrasse.<small><\/small><\/p>\n<p><small><a style=\"text-align: left;\" href=\"http:\/\/maps.google.de\/maps?q=Uhlandstra%C3%9Fe+53,+03050+Cottbus&amp;hl=de&amp;ie=UTF8&amp;sll=51.720488,14.346771&amp;sspn=0.028234,0.104628&amp;gl=de&amp;hnear=Uhlandstra%C3%9Fe+53,+Cottbus+03050+Cottbus,+Brandenburg&amp;t=m&amp;hq=&amp;source=embed&amp;ll=51.724529,14.318361&amp;spn=0.01595,0.044632&amp;z=14&amp;iwloc=A\" target=\"blank\">Gr\u00f6\u00dfere Kartenansicht<\/a><\/small><\/p>\n","protected":false},"excerpt":{"rendered":"<p>Von Norden kommend am Spreewalddreieck auf die A15 Richtung Cottbus, Abfahrt Cottbus West benutzen, auf die Saarbr\u00fccker Str. Richtung Zentrum fahren, dann an der Gelsenkirchener Allee rechts und rechts in die Uhlandstrasse. Von S\u00fcden her \u00fcber die A13, Abfahrt Ruhland&#8230;<\/p>\n","protected":false},"author":2,"featured_media":0,"parent":0,"menu_order":0,"comment_status":"closed","ping_status":"closed","template":"","meta":[],"_links":{"self":[{"href":"http:\/\/praxis-utethomas.de\/index.php?rest_route=\/wp\/v2\/pages\/156"}],"collection":[{"href":"http:\/\/praxis-utethomas.de\/index.php?rest_route=\/wp\/v2\/pages"}],"about":[{"href":"http:\/\/praxis-utethomas.de\/index.php?rest_route=\/wp\/v2\/types\/page"}],"author":[{"embeddable":true,"href":"http:\/\/praxis-utethomas.de\/index.php?rest_route=\/wp\/v2\/users\/2"}],"replies":[{"embeddable":true,"href":"http:\/\/praxis-utethomas.de\/index.php?rest_route=%2Fwp%2Fv2%2Fcomments&post=156"}],"version-history":[{"count":3,"href":"http:\/\/praxis-utethomas.de\/index.php?rest_route=\/wp\/v2\/pages\/156\/revisions"}],"predecessor-version":[{"id":209,"href":"http:\/\/praxis-utethomas.de\/index.php?rest_route=\/wp\/v2\/pages\/156\/revisions\/209"}],"wp:attachment":[{"href":"http:\/\/praxis-utethomas.de\/index.php?rest_route=%2Fwp%2Fv2%2Fmedia&parent=156"}],"curies":[{"name":"wp","href":"https:\/\/api.w.org\/{rel}","templated":true}]}}